{"id":324,"date":"2022-04-06T07:39:26","date_gmt":"2022-04-06T07:39:26","guid":{"rendered":"https:\/\/eemshaven-kristiansand.com\/?page_id=324"},"modified":"2022-05-13T10:33:40","modified_gmt":"2022-05-13T10:33:40","slug":"fortrolighedspolitik","status":"publish","type":"page","link":"https:\/\/eemshaven-kristiansand.com\/da\/fortrolighedspolitik\/","title":{"rendered":"Fortrolighedspolitik"},"content":{"rendered":"\n<h2 class=\"wp-block-heading\">Hvem er vi<\/h2>\n\n\n\n<p>Vores webstedsadresse er: <a href=\"https:\/\/eemshaven-kristiansand.com\/da\/\">https:\/\/eemshaven-kristiansand.com\/da\/<\/a><\/p>\n\n\n\n<h2 class=\"wp-block-heading\">Kommentarer<\/h2>\n\n\n\n<p>N\u00e5r bes\u00f8gende efterlader kommentarer p\u00e5 webstedet, indsamler vi oplysningerne vist i kommentarformularen, den bes\u00f8gendes IP-adresse og browserbrugeragent for at hj\u00e6lpe med at opdage spam.<\/p>\n\n\n\n<p>En anonymiseret streng oprettet fra din e-mailadresse (ogs\u00e5 kaldet en hash) kan sendes til Gravatar-tjenesten, hvis du bruger den. Gravatar-tjenestens privatlivspolitikside kan findes her: https:\/\/automattic.com\/privacy\/. N\u00e5r din kommentar er godkendt, vil dit profilbillede v\u00e6re offentligt synligt i forbindelse med din kommentar.<\/p>\n\n\n\n<h2 class=\"wp-block-heading\">Medier<\/h2>\n\n\n\n<p>Hvis du er en registreret bruger og uploader billeder til siden, b\u00f8r du undg\u00e5 at uploade billeder, der indeholder EXIF-GPS-placeringsdata. Bes\u00f8gende p\u00e5 webstedet kan downloade billederne fra webstedet og se placeringsdataene.<\/p>\n\n\n\n<h2 class=\"wp-block-heading\">Cookies<\/h2>\n\n\n\n<p>N\u00e5r du l\u00e6gger en kommentar p\u00e5 vores side, kan du angive, om dit navn, din e-mailadresse og dit websted kan blive gemt i en cookie. Vi g\u00f8r dette for din bekvemmelighed, s\u00e5 du ikke beh\u00f8ver at indtaste disse oplysninger igen for at f\u00e5 et nyt svar. Disse cookies er gyldige i et \u00e5r.<\/p>\n\n\n\n<p>N\u00e5r du bes\u00f8ger vores login-side, gemmer vi en midlertidig cookie for at kontrollere, om din browser accepterer cookies. Denne cookie indeholder ingen personlige data og slettes, s\u00e5 snart du lukker din browser.<\/p>\n\n\n\n<p>N\u00e5r du logger ind, gemmer vi nogle cookies i forbindelse med dine loginoplysninger og sk\u00e6rmvisningsmuligheder. Login-cookies er gyldige i 2 dage og cookies til sk\u00e6rmvisningsmuligheder er gyldige i 1 \u00e5r. Hvis du v\u00e6lger &#8220;Husk mig&#8221;, bliver dit login gemt i 2 uger. S\u00e5 snart du logger ud af din konto, vil login-cookies blive fjernet.<\/p>\n\n\n\n<p>N\u00e5r du redigerer eller udgiver en besked, gemmes en ekstra cookie af din browser. Denne cookie indeholder ingen personlige data og indeholder kun post-id&#8217;et for den artikel, du har redigeret. Denne cookie udl\u00f8ber efter en dag.<\/p>\n","protected":false},"excerpt":{"rendered":"<p>Hvem er vi Vores webstedsadresse er: https:\/\/eemshaven-kristiansand.com\/da\/ Kommentarer N\u00e5r bes\u00f8gende efterlader kommentarer p\u00e5 webstedet, indsamler vi oplysningerne vist i kommentarformularen, den bes\u00f8gendes IP-adresse og browserbrugeragent for at hj\u00e6lpe med at opdage spam. En anonymiseret streng oprettet fra din e-mailadresse (ogs\u00e5 kaldet en hash) kan sendes til Gravatar-tjenesten, hvis du bruger den. Gravatar-tjenestens privatlivspolitikside kan findes&hellip; <a class=\"more-link\" href=\"https:\/\/eemshaven-kristiansand.com\/da\/fortrolighedspolitik\/\">L\u00e6s mere <span class=\"screen-reader-text\">Fortrolighedspolitik<\/span><\/a><\/p>\n","protected":false},"author":1,"featured_media":0,"parent":0,"menu_order":0,"comment_status":"closed","ping_status":"open","template":"","meta":{"footnotes":""},"class_list":["post-324","page","type-page","status-publish","hentry","entry"],"yoast_head":"<!-- This site is optimized with the Yoast SEO plugin v24.6 - https:\/\/yoast.com\/wordpress\/plugins\/seo\/ -->\n<title>Fortrolighedspolitik - Naar Kristiansand<\/title>\n<meta name=\"robots\" content=\"index, follow, max-snippet:-1, max-image-preview:large, max-video-preview:-1\" \/>\n<link rel=\"canonical\" href=\"https:\/\/eemshaven-kristiansand.com\/da\/fortrolighedspolitik\/\" \/>\n<meta property=\"og:locale\" content=\"da_DK\" \/>\n<meta property=\"og:type\" content=\"article\" \/>\n<meta property=\"og:title\" content=\"Fortrolighedspolitik - Naar Kristiansand\" \/>\n<meta property=\"og:description\" content=\"Hvem er vi Vores webstedsadresse er: https:\/\/eemshaven-kristiansand.com\/da\/ Kommentarer N\u00e5r bes\u00f8gende efterlader kommentarer p\u00e5 webstedet, indsamler vi oplysningerne vist i kommentarformularen, den bes\u00f8gendes IP-adresse og browserbrugeragent for at hj\u00e6lpe med at opdage spam. En anonymiseret streng oprettet fra din e-mailadresse (ogs\u00e5 kaldet en hash) kan sendes til Gravatar-tjenesten, hvis du bruger den. Gravatar-tjenestens privatlivspolitikside kan findes&hellip; L\u00e6s mere Fortrolighedspolitik\" \/>\n<meta property=\"og:url\" content=\"https:\/\/eemshaven-kristiansand.com\/da\/fortrolighedspolitik\/\" \/>\n<meta property=\"og:site_name\" content=\"Naar Kristiansand\" \/>\n<meta property=\"article:modified_time\" content=\"2022-05-13T10:33:40+00:00\" \/>\n<meta name=\"twitter:card\" content=\"summary_large_image\" \/>\n<meta name=\"twitter:label1\" content=\"Estimeret l\u00e6setid\" \/>\n\t<meta name=\"twitter:data1\" content=\"2 minutter\" \/>\n<script type=\"application\/ld+json\" class=\"yoast-schema-graph\">{\"@context\":\"https:\/\/schema.org\",\"@graph\":[{\"@type\":\"WebPage\",\"@id\":\"https:\/\/eemshaven-kristiansand.com\/da\/fortrolighedspolitik\/\",\"url\":\"https:\/\/eemshaven-kristiansand.com\/da\/fortrolighedspolitik\/\",\"name\":\"Fortrolighedspolitik - Naar Kristiansand\",\"isPartOf\":{\"@id\":\"https:\/\/eemshaven-kristiansand.com\/da\/#website\"},\"datePublished\":\"2022-04-06T07:39:26+00:00\",\"dateModified\":\"2022-05-13T10:33:40+00:00\",\"breadcrumb\":{\"@id\":\"https:\/\/eemshaven-kristiansand.com\/da\/fortrolighedspolitik\/#breadcrumb\"},\"inLanguage\":\"da-DK\",\"potentialAction\":[{\"@type\":\"ReadAction\",\"target\":[\"https:\/\/eemshaven-kristiansand.com\/da\/fortrolighedspolitik\/\"]}]},{\"@type\":\"BreadcrumbList\",\"@id\":\"https:\/\/eemshaven-kristiansand.com\/da\/fortrolighedspolitik\/#breadcrumb\",\"itemListElement\":[{\"@type\":\"ListItem\",\"position\":1,\"name\":\"Cherbourg naar Rosslare\",\"item\":\"https:\/\/eemshaven-kristiansand.com\/da\/\"},{\"@type\":\"ListItem\",\"position\":2,\"name\":\"Fortrolighedspolitik\"}]},{\"@type\":\"WebSite\",\"@id\":\"https:\/\/eemshaven-kristiansand.com\/da\/#website\",\"url\":\"https:\/\/eemshaven-kristiansand.com\/da\/\",\"name\":\"Naar Kristiansand\",\"description\":\"Heerlijk varen met deze ferry vanuit Nederland naar Noorwegen.\",\"publisher\":{\"@id\":\"https:\/\/eemshaven-kristiansand.com\/da\/#organization\"},\"potentialAction\":[{\"@type\":\"SearchAction\",\"target\":{\"@type\":\"EntryPoint\",\"urlTemplate\":\"https:\/\/eemshaven-kristiansand.com\/da\/?s={search_term_string}\"},\"query-input\":{\"@type\":\"PropertyValueSpecification\",\"valueRequired\":true,\"valueName\":\"search_term_string\"}}],\"inLanguage\":\"da-DK\"},{\"@type\":\"Organization\",\"@id\":\"https:\/\/eemshaven-kristiansand.com\/da\/#organization\",\"name\":\"Eemshaven Kristiansand\",\"url\":\"https:\/\/eemshaven-kristiansand.com\/da\/\",\"logo\":{\"@type\":\"ImageObject\",\"inLanguage\":\"da-DK\",\"@id\":\"https:\/\/eemshaven-kristiansand.com\/da\/#\/schema\/logo\/image\/\",\"url\":\"https:\/\/eemshaven-kristiansand.com\/wp-content\/uploads\/2022\/04\/favicon2-1-1.png\",\"contentUrl\":\"https:\/\/eemshaven-kristiansand.com\/wp-content\/uploads\/2022\/04\/favicon2-1-1.png\",\"width\":512,\"height\":512,\"caption\":\"Eemshaven Kristiansand\"},\"image\":{\"@id\":\"https:\/\/eemshaven-kristiansand.com\/da\/#\/schema\/logo\/image\/\"}}]}<\/script>\n<!-- \/ Yoast SEO plugin. -->","yoast_head_json":{"title":"Fortrolighedspolitik - Naar Kristiansand","robots":{"index":"index","follow":"follow","max-snippet":"max-snippet:-1","max-image-preview":"max-image-preview:large","max-video-preview":"max-video-preview:-1"},"canonical":"https:\/\/eemshaven-kristiansand.com\/da\/fortrolighedspolitik\/","og_locale":"da_DK","og_type":"article","og_title":"Fortrolighedspolitik - Naar Kristiansand","og_description":"Hvem er vi Vores webstedsadresse er: https:\/\/eemshaven-kristiansand.com\/da\/ Kommentarer N\u00e5r bes\u00f8gende efterlader kommentarer p\u00e5 webstedet, indsamler vi oplysningerne vist i kommentarformularen, den bes\u00f8gendes IP-adresse og browserbrugeragent for at hj\u00e6lpe med at opdage spam. En anonymiseret streng oprettet fra din e-mailadresse (ogs\u00e5 kaldet en hash) kan sendes til Gravatar-tjenesten, hvis du bruger den. Gravatar-tjenestens privatlivspolitikside kan findes&hellip; L\u00e6s mere Fortrolighedspolitik","og_url":"https:\/\/eemshaven-kristiansand.com\/da\/fortrolighedspolitik\/","og_site_name":"Naar Kristiansand","article_modified_time":"2022-05-13T10:33:40+00:00","twitter_card":"summary_large_image","twitter_misc":{"Estimeret l\u00e6setid":"2 minutter"},"schema":{"@context":"https:\/\/schema.org","@graph":[{"@type":"WebPage","@id":"https:\/\/eemshaven-kristiansand.com\/da\/fortrolighedspolitik\/","url":"https:\/\/eemshaven-kristiansand.com\/da\/fortrolighedspolitik\/","name":"Fortrolighedspolitik - Naar Kristiansand","isPartOf":{"@id":"https:\/\/eemshaven-kristiansand.com\/da\/#website"},"datePublished":"2022-04-06T07:39:26+00:00","dateModified":"2022-05-13T10:33:40+00:00","breadcrumb":{"@id":"https:\/\/eemshaven-kristiansand.com\/da\/fortrolighedspolitik\/#breadcrumb"},"inLanguage":"da-DK","potentialAction":[{"@type":"ReadAction","target":["https:\/\/eemshaven-kristiansand.com\/da\/fortrolighedspolitik\/"]}]},{"@type":"BreadcrumbList","@id":"https:\/\/eemshaven-kristiansand.com\/da\/fortrolighedspolitik\/#breadcrumb","itemListElement":[{"@type":"ListItem","position":1,"name":"Cherbourg naar Rosslare","item":"https:\/\/eemshaven-kristiansand.com\/da\/"},{"@type":"ListItem","position":2,"name":"Fortrolighedspolitik"}]},{"@type":"WebSite","@id":"https:\/\/eemshaven-kristiansand.com\/da\/#website","url":"https:\/\/eemshaven-kristiansand.com\/da\/","name":"Naar Kristiansand","description":"Heerlijk varen met deze ferry vanuit Nederland naar Noorwegen.","publisher":{"@id":"https:\/\/eemshaven-kristiansand.com\/da\/#organization"},"potentialAction":[{"@type":"SearchAction","target":{"@type":"EntryPoint","urlTemplate":"https:\/\/eemshaven-kristiansand.com\/da\/?s={search_term_string}"},"query-input":{"@type":"PropertyValueSpecification","valueRequired":true,"valueName":"search_term_string"}}],"inLanguage":"da-DK"},{"@type":"Organization","@id":"https:\/\/eemshaven-kristiansand.com\/da\/#organization","name":"Eemshaven Kristiansand","url":"https:\/\/eemshaven-kristiansand.com\/da\/","logo":{"@type":"ImageObject","inLanguage":"da-DK","@id":"https:\/\/eemshaven-kristiansand.com\/da\/#\/schema\/logo\/image\/","url":"https:\/\/eemshaven-kristiansand.com\/wp-content\/uploads\/2022\/04\/favicon2-1-1.png","contentUrl":"https:\/\/eemshaven-kristiansand.com\/wp-content\/uploads\/2022\/04\/favicon2-1-1.png","width":512,"height":512,"caption":"Eemshaven Kristiansand"},"image":{"@id":"https:\/\/eemshaven-kristiansand.com\/da\/#\/schema\/logo\/image\/"}}]}},"_links":{"self":[{"href":"https:\/\/eemshaven-kristiansand.com\/da\/wp-json\/wp\/v2\/pages\/324","targetHints":{"allow":["GET"]}}],"collection":[{"href":"https:\/\/eemshaven-kristiansand.com\/da\/wp-json\/wp\/v2\/pages"}],"about":[{"href":"https:\/\/eemshaven-kristiansand.com\/da\/wp-json\/wp\/v2\/types\/page"}],"author":[{"embeddable":true,"href":"https:\/\/eemshaven-kristiansand.com\/da\/wp-json\/wp\/v2\/users\/1"}],"replies":[{"embeddable":true,"href":"https:\/\/eemshaven-kristiansand.com\/da\/wp-json\/wp\/v2\/comments?post=324"}],"version-history":[{"count":1,"href":"https:\/\/eemshaven-kristiansand.com\/da\/wp-json\/wp\/v2\/pages\/324\/revisions"}],"predecessor-version":[{"id":326,"href":"https:\/\/eemshaven-kristiansand.com\/da\/wp-json\/wp\/v2\/pages\/324\/revisions\/326"}],"wp:attachment":[{"href":"https:\/\/eemshaven-kristiansand.com\/da\/wp-json\/wp\/v2\/media?parent=324"}],"curies":[{"name":"wp","href":"https:\/\/api.w.org\/{rel}","templated":true}]}}